{"id":67,"date":"2017-09-18T12:43:15","date_gmt":"2017-09-18T15:43:15","guid":{"rendered":"http:\/\/blogdodanielgalvao.com.br\/site\/?page_id=67"},"modified":"2017-09-18T12:55:30","modified_gmt":"2017-09-18T15:55:30","slug":"expediente","status":"publish","type":"page","link":"https:\/\/blogdodanielgalvao.com.br\/site\/expediente\/","title":{"rendered":"EXPEDIENTE"},"content":{"rendered":"<p style=\"text-align: left;\"><img loading=\"lazy\" decoding=\"async\" class=\"size-medium wp-image-72 alignleft\" src=\"https:\/\/blogdodanielgalvao.com.br\/site\/wp-content\/uploads\/2017\/09\/IMG_8681-300x169.jpg\" alt=\"\" width=\"300\" height=\"169\" \/>Daniel Galv\u00e3o \u00e9 o Diretor Executivo e de Conte\u00fado do Blog. Foi editor-chefe de ve\u00edculos como os jornais O DEBATE e DI\u00c1RIO DA COSTA DO SOL, al\u00e9m de rep\u00f3rter e chefe de reportagem de A VOZ DA SERRA, entre outros.<\/p>\n<p style=\"text-align: left;\">Tem larga experi\u00eancia no jornalismo pol\u00edtico regional e j\u00e1 assinou colunas at\u00e9 mesmo em ve\u00edculos dos EUA e Europa. Hoje se dedica \u00e0s m\u00eddias digitais, onde tamb\u00e9m \u00e9 respons\u00e1vel pelo portal Primeiro Click.<\/p>\n","protected":false},"excerpt":{"rendered":"<p>Daniel Galv\u00e3o \u00e9 o Diretor Executivo e de Conte\u00fado do Blog. Foi editor-chefe de ve\u00edculos como os jornais O DEBATE e DI\u00c1RIO DA COSTA DO SOL, al\u00e9m de rep\u00f3rter e chefe de reportagem de A VOZ DA SERRA, entre outros. Tem larga experi\u00eancia no jornalismo pol\u00edtico regional e j\u00e1 assinou colunas at\u00e9 mesmo em ve\u00edculos [&hellip;]<\/p>\n","protected":false},"author":2,"featured_media":0,"parent":0,"menu_order":0,"comment_status":"closed","ping_status":"closed","template":"","meta":{"footnotes":""},"class_list":["post-67","page","type-page","status-publish","hentry"],"_links":{"self":[{"href":"https:\/\/blogdodanielgalvao.com.br\/site\/wp-json\/wp\/v2\/pages\/67","targetHints":{"allow":["GET"]}}],"collection":[{"href":"https:\/\/blogdodanielgalvao.com.br\/site\/wp-json\/wp\/v2\/pages"}],"about":[{"href":"https:\/\/blogdodanielgalvao.com.br\/site\/wp-json\/wp\/v2\/types\/page"}],"author":[{"embeddable":true,"href":"https:\/\/blogdodanielgalvao.com.br\/site\/wp-json\/wp\/v2\/users\/2"}],"replies":[{"embeddable":true,"href":"https:\/\/blogdodanielgalvao.com.br\/site\/wp-json\/wp\/v2\/comments?post=67"}],"version-history":[{"count":3,"href":"https:\/\/blogdodanielgalvao.com.br\/site\/wp-json\/wp\/v2\/pages\/67\/revisions"}],"predecessor-version":[{"id":74,"href":"https:\/\/blogdodanielgalvao.com.br\/site\/wp-json\/wp\/v2\/pages\/67\/revisions\/74"}],"wp:attachment":[{"href":"https:\/\/blogdodanielgalvao.com.br\/site\/wp-json\/wp\/v2\/media?parent=67"}],"curies":[{"name":"wp","href":"https:\/\/api.w.org\/{rel}","templated":true}]}}